{"id":18667,"date":"2015-02-19T09:48:19","date_gmt":"2015-02-19T09:48:19","guid":{"rendered":"https:\/\/www.interturkestates.com\/contact-us-3\/"},"modified":"2019-11-25T16:08:15","modified_gmt":"2019-11-25T16:08:15","slug":"contact-us-3","status":"publish","type":"page","link":"https:\/\/www.interturkestates.com\/tr\/contact-us-3\/","title":{"rendered":"\u0130leti\u015fim"},"content":{"rendered":"<div class=\"wpb-content-wrapper\"><p>[vc_row][vc_column][vc_empty_space height=&#8221;30&#8243;][vc_column_text]\u0130ntert\u00fcrk Emlak<br \/>\nBar\u0131\u015f Man\u00e7o Bul. 120\/A\u00a0\u00c7al\u0131\u015f Plaj\u0131 Fethiye Mu\u011fla<\/p>\n<p>Tel : 0 252 613 67 28<br \/>\nFax : 0 252 613 54 62<br \/>\nE mail :\u00a0<a href=\"mailto:info@interturk.co.uk\">info@interturk.co.uk<\/a>[\/vc_column_text][\/vc_column][\/vc_row]<\/p>\n<\/div>","protected":false},"excerpt":{"rendered":"<p>[vc_row][vc_column][vc_empty_space height=&#8221;30&#8243;][vc_column_text]\u0130ntert\u00fcrk Emlak Bar\u0131\u015f Man\u00e7o Bul. 120\/A\u00a0\u00c7al\u0131\u015f Plaj\u0131 Fethiye Mu\u011fla Tel : 0 252 613 67 28 Fax : 0 252 613 54 62 E mail :\u00a0info@interturk.co.uk[\/vc_column_text][\/vc_column][\/vc_row]<\/p>\n","protected":false},"author":1,"featured_media":0,"parent":0,"menu_order":0,"comment_status":"open","ping_status":"open","template":"contact_page.php","meta":{"inline_featured_image":false,"footnotes":""},"class_list":["post-18667","page","type-page","status-publish","hentry"],"yoast_head":"<!-- This site is optimized with the Yoast SEO plugin v23.4 - https:\/\/yoast.com\/wordpress\/plugins\/seo\/ -->\n<title>\u0130leti\u015fim - Interturk Estates<\/title>\n<meta name=\"robots\" content=\"index, follow, max-snippet:-1, max-image-preview:large, max-video-preview:-1\" \/>\n<link rel=\"canonical\" href=\"https:\/\/www.interturkestates.com\/tr\/contact-us-3\/\" \/>\n<meta property=\"og:locale\" content=\"tr_TR\" \/>\n<meta property=\"og:type\" content=\"article\" \/>\n<meta property=\"og:title\" content=\"\u0130leti\u015fim - Interturk Estates\" \/>\n<meta property=\"og:description\" content=\"[vc_row][vc_column][vc_empty_space height=&#8221;30&#8243;][vc_column_text]\u0130ntert\u00fcrk Emlak Bar\u0131\u015f Man\u00e7o Bul. 120\/A\u00a0\u00c7al\u0131\u015f Plaj\u0131 Fethiye Mu\u011fla Tel : 0 252 613 67 28 Fax : 0 252 613 54 62 E mail :\u00a0info@interturk.co.uk[\/vc_column_text][\/vc_column][\/vc_row]\" \/>\n<meta property=\"og:url\" content=\"https:\/\/www.interturkestates.com\/tr\/contact-us-3\/\" \/>\n<meta property=\"og:site_name\" content=\"Interturk Estates\" \/>\n<meta property=\"article:publisher\" content=\"https:\/\/www.facebook.com\/INTERTURK-ESTATES-115163665244015\/\" \/>\n<meta property=\"article:modified_time\" content=\"2019-11-25T16:08:15+00:00\" \/>\n<script type=\"application\/ld+json\" class=\"yoast-schema-graph\">{\"@context\":\"https:\/\/schema.org\",\"@graph\":[{\"@type\":\"WebPage\",\"@id\":\"https:\/\/www.interturkestates.com\/tr\/contact-us-3\/\",\"url\":\"https:\/\/www.interturkestates.com\/tr\/contact-us-3\/\",\"name\":\"\u0130leti\u015fim - Interturk Estates\",\"isPartOf\":{\"@id\":\"https:\/\/www.interturkestates.com\/#website\"},\"datePublished\":\"2015-02-19T09:48:19+00:00\",\"dateModified\":\"2019-11-25T16:08:15+00:00\",\"breadcrumb\":{\"@id\":\"https:\/\/www.interturkestates.com\/tr\/contact-us-3\/#breadcrumb\"},\"inLanguage\":\"tr\",\"potentialAction\":[{\"@type\":\"ReadAction\",\"target\":[\"https:\/\/www.interturkestates.com\/tr\/contact-us-3\/\"]}]},{\"@type\":\"BreadcrumbList\",\"@id\":\"https:\/\/www.interturkestates.com\/tr\/contact-us-3\/#breadcrumb\",\"itemListElement\":[{\"@type\":\"ListItem\",\"position\":1,\"name\":\"Home\",\"item\":\"https:\/\/www.interturkestates.com\/tr\/\"},{\"@type\":\"ListItem\",\"position\":2,\"name\":\"\u0130leti\u015fim\"}]},{\"@type\":\"WebSite\",\"@id\":\"https:\/\/www.interturkestates.com\/#website\",\"url\":\"https:\/\/www.interturkestates.com\/\",\"name\":\"Interturk Estates\",\"description\":\"Property Estate Agency Calis Fethiye\",\"publisher\":{\"@id\":\"https:\/\/www.interturkestates.com\/#organization\"},\"potentialAction\":[{\"@type\":\"SearchAction\",\"target\":{\"@type\":\"EntryPoint\",\"urlTemplate\":\"https:\/\/www.interturkestates.com\/?s={search_term_string}\"},\"query-input\":{\"@type\":\"PropertyValueSpecification\",\"valueRequired\":true,\"valueName\":\"search_term_string\"}}],\"inLanguage\":\"tr\"},{\"@type\":\"Organization\",\"@id\":\"https:\/\/www.interturkestates.com\/#organization\",\"name\":\"Interturk Estate Agency Calis\",\"url\":\"https:\/\/www.interturkestates.com\/\",\"logo\":{\"@type\":\"ImageObject\",\"inLanguage\":\"tr\",\"@id\":\"https:\/\/www.interturkestates.com\/#\/schema\/logo\/image\/\",\"url\":\"https:\/\/www.interturkestates.com\/wp-content\/uploads\/2019\/11\/interlogo.png\",\"contentUrl\":\"https:\/\/www.interturkestates.com\/wp-content\/uploads\/2019\/11\/interlogo.png\",\"width\":221,\"height\":96,\"caption\":\"Interturk Estate Agency Calis\"},\"image\":{\"@id\":\"https:\/\/www.interturkestates.com\/#\/schema\/logo\/image\/\"},\"sameAs\":[\"https:\/\/www.facebook.com\/INTERTURK-ESTATES-115163665244015\/\"]}]}<\/script>\n<!-- \/ Yoast SEO plugin. -->","yoast_head_json":{"title":"\u0130leti\u015fim - Interturk Estates","robots":{"index":"index","follow":"follow","max-snippet":"max-snippet:-1","max-image-preview":"max-image-preview:large","max-video-preview":"max-video-preview:-1"},"canonical":"https:\/\/www.interturkestates.com\/tr\/contact-us-3\/","og_locale":"tr_TR","og_type":"article","og_title":"\u0130leti\u015fim - Interturk Estates","og_description":"[vc_row][vc_column][vc_empty_space height=&#8221;30&#8243;][vc_column_text]\u0130ntert\u00fcrk Emlak Bar\u0131\u015f Man\u00e7o Bul. 120\/A\u00a0\u00c7al\u0131\u015f Plaj\u0131 Fethiye Mu\u011fla Tel : 0 252 613 67 28 Fax : 0 252 613 54 62 E mail :\u00a0info@interturk.co.uk[\/vc_column_text][\/vc_column][\/vc_row]","og_url":"https:\/\/www.interturkestates.com\/tr\/contact-us-3\/","og_site_name":"Interturk Estates","article_publisher":"https:\/\/www.facebook.com\/INTERTURK-ESTATES-115163665244015\/","article_modified_time":"2019-11-25T16:08:15+00:00","schema":{"@context":"https:\/\/schema.org","@graph":[{"@type":"WebPage","@id":"https:\/\/www.interturkestates.com\/tr\/contact-us-3\/","url":"https:\/\/www.interturkestates.com\/tr\/contact-us-3\/","name":"\u0130leti\u015fim - Interturk Estates","isPartOf":{"@id":"https:\/\/www.interturkestates.com\/#website"},"datePublished":"2015-02-19T09:48:19+00:00","dateModified":"2019-11-25T16:08:15+00:00","breadcrumb":{"@id":"https:\/\/www.interturkestates.com\/tr\/contact-us-3\/#breadcrumb"},"inLanguage":"tr","potentialAction":[{"@type":"ReadAction","target":["https:\/\/www.interturkestates.com\/tr\/contact-us-3\/"]}]},{"@type":"BreadcrumbList","@id":"https:\/\/www.interturkestates.com\/tr\/contact-us-3\/#breadcrumb","itemListElement":[{"@type":"ListItem","position":1,"name":"Home","item":"https:\/\/www.interturkestates.com\/tr\/"},{"@type":"ListItem","position":2,"name":"\u0130leti\u015fim"}]},{"@type":"WebSite","@id":"https:\/\/www.interturkestates.com\/#website","url":"https:\/\/www.interturkestates.com\/","name":"Interturk Estates","description":"Property Estate Agency Calis Fethiye","publisher":{"@id":"https:\/\/www.interturkestates.com\/#organization"},"potentialAction":[{"@type":"SearchAction","target":{"@type":"EntryPoint","urlTemplate":"https:\/\/www.interturkestates.com\/?s={search_term_string}"},"query-input":{"@type":"PropertyValueSpecification","valueRequired":true,"valueName":"search_term_string"}}],"inLanguage":"tr"},{"@type":"Organization","@id":"https:\/\/www.interturkestates.com\/#organization","name":"Interturk Estate Agency Calis","url":"https:\/\/www.interturkestates.com\/","logo":{"@type":"ImageObject","inLanguage":"tr","@id":"https:\/\/www.interturkestates.com\/#\/schema\/logo\/image\/","url":"https:\/\/www.interturkestates.com\/wp-content\/uploads\/2019\/11\/interlogo.png","contentUrl":"https:\/\/www.interturkestates.com\/wp-content\/uploads\/2019\/11\/interlogo.png","width":221,"height":96,"caption":"Interturk Estate Agency Calis"},"image":{"@id":"https:\/\/www.interturkestates.com\/#\/schema\/logo\/image\/"},"sameAs":["https:\/\/www.facebook.com\/INTERTURK-ESTATES-115163665244015\/"]}]}},"_links":{"self":[{"href":"https:\/\/www.interturkestates.com\/tr\/wp-json\/wp\/v2\/pages\/18667"}],"collection":[{"href":"https:\/\/www.interturkestates.com\/tr\/wp-json\/wp\/v2\/pages"}],"about":[{"href":"https:\/\/www.interturkestates.com\/tr\/wp-json\/wp\/v2\/types\/page"}],"author":[{"embeddable":true,"href":"https:\/\/www.interturkestates.com\/tr\/wp-json\/wp\/v2\/users\/1"}],"replies":[{"embeddable":true,"href":"https:\/\/www.interturkestates.com\/tr\/wp-json\/wp\/v2\/comments?post=18667"}],"version-history":[{"count":2,"href":"https:\/\/www.interturkestates.com\/tr\/wp-json\/wp\/v2\/pages\/18667\/revisions"}],"predecessor-version":[{"id":18669,"href":"https:\/\/www.interturkestates.com\/tr\/wp-json\/wp\/v2\/pages\/18667\/revisions\/18669"}],"wp:attachment":[{"href":"https:\/\/www.interturkestates.com\/tr\/wp-json\/wp\/v2\/media?parent=18667"}],"curies":[{"name":"wp","href":"https:\/\/api.w.org\/{rel}","templated":true}]}}